{"id":25,"date":"2023-01-17T10:44:02","date_gmt":"2023-01-17T09:44:02","guid":{"rendered":"https:\/\/antemagroupsrl.karmadns.eu\/?page_id=25"},"modified":"2023-01-17T10:44:02","modified_gmt":"2023-01-17T09:44:02","slug":"privacy-policy","status":"publish","type":"page","link":"https:\/\/antemagroupsrl.karmadns.eu\/index.php\/privacy-policy\/","title":{"rendered":"privacy policy"},"content":{"rendered":"\n<h1 class=\"wp-block-heading\">PRIVACY POLICY ANTEMA<\/h1>\n\n\n\n<p><strong>Norme sulla Privacy e sui Cookie<\/strong><\/p>\n\n\n\n<p>Informativa privacy ai sensi dell\u2019art. 13 del Regolamento UE 679\/2016<\/p>\n\n\n\n<p>La presente informativa \u00e8 resa ai sensi dell\u2019art. 13 del Regolamento UE 679\/2016 in favore degli utenti che utilizzano l\u2019Applicazione denominata antema group srl cosi come descritta nelle condizioni di utilizzo. L\u2019informativa in parola descrive le modalit\u00e0 di gestione e funzionamento delle App in riferimento al Trattamento dei dati personali. L\u2019utente che sottoscrive i servizi erogati dalla societ\u00e0 antema group srl tramite l \u2018applicazione \u00e8 tenuto alla lettura e all\u2019accettazione della presente informativa. L\u2019informativa \u00e8 resa unicamente per l\u2019applicazione e per i servizi ivi contenuti e non anche per siti esterni e\/ o altre applicazioni eventualmente consultabili dall\u2019utente tramite link o in altre modalit\u00e0<\/p>\n\n\n\n<p>IDENTITA\u2019 TITOLARE DEL TRATTAMENTO<\/p>\n\n\n\n<p>Titolare del trattamento ai sensi degli artt. 4 e 24 del Regolamento \u00e8 Antema Group srl. con sede in Via Consolare Stradella, 5, 98071 Capo d\u2019Orlando ME, e mail appantema@gmail.cpm L\u2019utente dell\u2019applicazione pu\u00f2 rivolgersi al Titolare del trattamento scrivendo al citato indirizzo o inviando una e mail appantema@gmail.com<\/p>\n\n\n\n<p>DATI PERSONALI OGGETTO DI TRATTAMENTO<\/p>\n\n\n\n<p>I dati personali raccolti nell\u2019 APP sono i seguenti:<\/p>\n\n\n\n<p>Nome<\/p>\n\n\n\n<p>Cognome<\/p>\n\n\n\n<p>Numero di cellulare,<\/p>\n\n\n\n<p>Indirizzo<\/p>\n\n\n\n<p>Partita iva<\/p>\n\n\n\n<p>e mail<\/p>\n\n\n\n<p>Nonch\u00e8 dati di natura tecnica acquisiti dal funzionamento della APP ( in particolare informazioni sul dispositivo utilizzato etc) I dati saranno trattati per lo svolgimento di tutte le attivit\u00e0 connesse e strumentali all\u2019erogazione dei servizi offerti tramite la APP.<\/p>\n\n\n\n<p>FINALITA\u2019 DI TRATTAMENTO CUI SONO DESTINATI I DATI E BASE GIURIDICA DEL TRATTAMENTO<\/p>\n\n\n\n<p>\u27a2 Trattamento dei dati personali per finalit\u00e0 connesse all\u2019utilizzo della App e per l\u2019erogazione dei servizi<\/p>\n\n\n\n<p>I dati personali direttamente forniti dall\u2019utente o acquisiti dal funzionamento della App saranno trattati per le finalit\u00e0 inerenti la prestazione dei servizi disponibili attraverso l\u2019App secondo quanto previsto dalle condizioni di utilizzo. Per finalit\u00e0 inerenti la prestazione dei servizi disponibili attraverso l\u2019App deve intendersi qualsiasi operazione di trattamento dei dati correlata allo svolgimento di tutte le attivit\u00e0 connesse e strumentali all\u2019erogazione dei servizi offerti tramite l\u2019App. I dati personali dell\u2019utente saranno trattati per la personalizzazione e il miglioramento dei servizi e verificare la correttezza dei dati dell\u2019utente. La Base giuridica del trattamento per le suddette finalit\u00e0 \u00e8 l\u2019art. 6 paragrafo 1, lettera b) del GDPR Il trattamento \u00e8 necessario all\u2019esecuzione di un contratto il cui interessato \u00e8 parte o dell\u2019esecuzione o delle misure<\/p>\n\n\n\n<p>\u27a2 Trattamento dei dati personali con finalit\u00e0 promozionali o di marketing<\/p>\n\n\n\n<p>I dati personali forniti dall\u2019utente potranno, inoltre, essere trattati dallo scrivente Titolare qualora l\u2019interessato presti il consenso specifico ai sensi dell\u2019art. 7 del Regolamento, per finalit\u00e0 di informazione e promozione commerciali di prodotti e servizi offerti da Vita brillante, attraverso strumenti di comunicazione elettronica come per esempio e mail sms e tramite strumenti tradizionali come posta cartacea o chiamate . La base giuridica del trattamento per la finalit\u00e0 sopra elencate \u00e8 il consenso dell\u2019interessato ai sensi dell\u2019art. 6 paragrafo 1 lettera a) del Regolamento<\/p>\n\n\n\n<p>\u27a2 Trattamento dei dati personali per finalit\u00e0 di comunicazione a soggetti terzi<\/p>\n\n\n\n<p>I dati personali non verranno comunicati a terzi<\/p>\n\n\n\n<p>\u27a2 Modalit\u00e0 di trattamento dei dati<\/p>\n\n\n\n<p>Il trattamento dei dati personali dell\u2019utente potr\u00e0 essere effettuato con l\u2019ausilio di mezzi elettronici o anche con l\u2019ausilio di data base o banche dati di propriet\u00e0 del titolare del trattamento. Il trattamento dei dati sar\u00e0 effettuato con sistemi atti a memorizzare e gestire con logiche strettamente correlate alle finalit\u00e0 sopra esposte. Si rappresenta che i sistemi informatici e le procedure software preposte al funzionamento della App (Apple store o Google play) acquisiscono nel corso del loro normale esercizio alcuni dati comunque riferibili all\u2019utente la cui trasmissione \u00e8 implicita nell\u2019uso dei protocolli di comunicazione internet degli smartphone e dei dispositivi utilizzati.<\/p>\n\n\n\n<p>L\u2019utente pu\u00f2 consultare le informazioni sulla privacy rese disponibili sui seguenti siti<\/p>\n\n\n\n<p>Apple store: https:\/\/www.apple.com\/legal\/internet-services\/itunes\/it\/terms.html<\/p>\n\n\n\n<p>Google play: https:\/\/play.google.com\/intl\/it_it\/about\/play-terms\/index.html<\/p>\n\n\n\n<p>\u27a2 Trasferimento dei dati personali all\u2019estero<\/p>\n\n\n\n<p>Nessun dato personale dell\u2019interessato verr\u00e0 trasferito a terzi o paesi terzi al di fuori dell\u2019Unione europea o organizzazioni internazionali.<\/p>\n\n\n\n<p>\u27a2 Periodo di conservazione dei dati personali<\/p>\n\n\n\n<p>I dati personali oggetto di trattamento saranno conservati in ottemperanza a quanto disposto dall\u2019art. 5 del Regolamento in una forma che consente l\u2019identificazione degli interessati per un arco di tempo non superiore al conseguimento delle finalit\u00e0 sopraindicate per le quali i dati personali sono trattati. In particolare i dati raccolti con la App saranno conservati per il tempo strettamente necessari erogati dalla App, fatti salvi eventuali obblighi di legge. I dati personali raccolti per le finalit\u00e0 promozionali e di marketing sono conservati fino alla decisione dell\u2019interessato di revocare il consenso e comunque non oltre 24 mesi decorrenti dalla disattivazione e disinstallazione dell\u2019App. Al termine del periodo di conversazione i dati da Lei conferiti saranno cancellati ovvero resi anonimi.<\/p>\n\n\n\n<p>\u27a2 Diritti dell\u2019interessato<\/p>\n\n\n\n<p>Ai sensi degli art. 15 e ss. Del Regolameto. L\u2019utente ha il diritto di chiedere al titolare del trattamento: Accesso ai propri dati personali rettifica o cancellazione degli stessi o la limitazione del trattamento che lo riguardano opposizione al trattamento portabilit\u00e0 dei dati nei termini di cui all\u2019art.20 del Regolamento.<\/p>\n\n\n\n<p>Fatto salvo ogni altro ricorso amministrativo o giurisdizionale, l\u2019interessato che ritenga che il trattamento che lo riguarda violi il GDPR ha il diritto di proporre reclamo a un \u2018autorit\u00e0 di controllo segnatamente nello stato membro in cui risiede abitualmente lavora oppure del luogo ove si \u00e8 verificata la presunta violazione ai sensi dell\u2019art. 77 ( l\u2019autorit\u00e0 di controllo italiana \u00e8 Il GDPR per la protezione dei dati personali . Per esercitare i diritti di cui sopra l\u2019utente potr\u00e0 rivolgersi al Titolare del trattamento ai recapiti indicati sopra<\/p>\n\n\n\n<p>\u27a2 Revoca del consenso<\/p>\n\n\n\n<p>In qualsiasi momento l\u2019utente potr\u00e0 disinstallare dal proprio dispositivo l\u2019applicazione Aggiornamenti<\/p>\n\n\n\n<p>La presente normativa pu\u00f2 subire modifiche a seguito di integrazioni o modifiche normative<\/p>\n\n\n\n<p>Modalit\u00e0 di utilizzo da parte di google delle informazioni fornite dalle app che usano i suoi servizi<\/p>\n\n\n\n<figure class=\"wp-block-embed\"><div class=\"wp-block-embed__wrapper\">\nhttps:\/\/policies.google.com\/technologies\/partner-sites\n<\/div><\/figure>\n","protected":false},"excerpt":{"rendered":"<p>PRIVACY POLICY ANTEMA Norme sulla Privacy e sui Cookie Informativa privacy ai sensi dell\u2019art. 13 del Regolamento UE 679\/2016 La presente informativa \u00e8 resa ai sensi dell\u2019art. 13 del Regolamento UE 679\/2016 in favore degli utenti che utilizzano l\u2019Applicazione denominata antema group srl cosi come descritta nelle condizioni di utilizzo. L\u2019informativa in parola descrive le [&hellip;]<\/p>\n","protected":false},"author":1,"featured_media":0,"parent":0,"menu_order":0,"comment_status":"closed","ping_status":"closed","template":"","meta":{"site-sidebar-layout":"default","site-content-layout":"","ast-site-content-layout":"default","site-content-style":"default","site-sidebar-style":"default","ast-global-header-display":"","ast-banner-title-visibility":"","ast-main-header-display":"","ast-hfb-above-header-display":"","ast-hfb-below-header-display":"","ast-hfb-mobile-header-display":"","site-post-title":"","ast-breadcrumbs-content":"","ast-featured-img":"","footer-sml-layout":"","ast-disable-related-posts":"","theme-transparent-header-meta":"","adv-header-id-meta":"","stick-header-meta":"","header-above-stick-meta":"","header-main-stick-meta":"","header-below-stick-meta":"","astra-migrate-meta-layouts":"default","ast-page-background-enabled":"default","ast-page-background-meta":{"desktop":{"background-color":"var(--ast-global-color-4)","background-image":"","background-repeat":"repeat","background-position":"center center","background-size":"auto","background-attachment":"scroll","background-type":"","background-media":"","overlay-type":"","overlay-color":"","overlay-opacity":"","overlay-gradient":""},"tablet":{"background-color":"","background-image":"","background-repeat":"repeat","background-position":"center center","background-size":"auto","background-attachment":"scroll","background-type":"","background-media":"","overlay-type":"","overlay-color":"","overlay-opacity":"","overlay-gradient":""},"mobile":{"background-color":"","background-image":"","background-repeat":"repeat","background-position":"center center","background-size":"auto","background-attachment":"scroll","background-type":"","background-media":"","overlay-type":"","overlay-color":"","overlay-opacity":"","overlay-gradient":""}},"ast-content-background-meta":{"desktop":{"background-color":"var(--ast-global-color-5)","background-image":"","background-repeat":"repeat","background-position":"center center","background-size":"auto","background-attachment":"scroll","background-type":"","background-media":"","overlay-type":"","overlay-color":"","overlay-opacity":"","overlay-gradient":""},"tablet":{"background-color":"var(--ast-global-color-5)","background-image":"","background-repeat":"repeat","background-position":"center center","background-size":"auto","background-attachment":"scroll","background-type":"","background-media":"","overlay-type":"","overlay-color":"","overlay-opacity":"","overlay-gradient":""},"mobile":{"background-color":"var(--ast-global-color-5)","background-image":"","background-repeat":"repeat","background-position":"center center","background-size":"auto","background-attachment":"scroll","background-type":"","background-media":"","overlay-type":"","overlay-color":"","overlay-opacity":"","overlay-gradient":""}},"footnotes":""},"class_list":["post-25","page","type-page","status-publish","hentry"],"_links":{"self":[{"href":"https:\/\/antemagroupsrl.karmadns.eu\/index.php\/wp-json\/wp\/v2\/pages\/25","targetHints":{"allow":["GET"]}}],"collection":[{"href":"https:\/\/antemagroupsrl.karmadns.eu\/index.php\/wp-json\/wp\/v2\/pages"}],"about":[{"href":"https:\/\/antemagroupsrl.karmadns.eu\/index.php\/wp-json\/wp\/v2\/types\/page"}],"author":[{"embeddable":true,"href":"https:\/\/antemagroupsrl.karmadns.eu\/index.php\/wp-json\/wp\/v2\/users\/1"}],"replies":[{"embeddable":true,"href":"https:\/\/antemagroupsrl.karmadns.eu\/index.php\/wp-json\/wp\/v2\/comments?post=25"}],"version-history":[{"count":1,"href":"https:\/\/antemagroupsrl.karmadns.eu\/index.php\/wp-json\/wp\/v2\/pages\/25\/revisions"}],"predecessor-version":[{"id":26,"href":"https:\/\/antemagroupsrl.karmadns.eu\/index.php\/wp-json\/wp\/v2\/pages\/25\/revisions\/26"}],"wp:attachment":[{"href":"https:\/\/antemagroupsrl.karmadns.eu\/index.php\/wp-json\/wp\/v2\/media?parent=25"}],"curies":[{"name":"wp","href":"https:\/\/api.w.org\/{rel}","templated":true}]}}